{"id":5676,"date":"2020-03-27T23:07:35","date_gmt":"2020-03-27T20:07:35","guid":{"rendered":"https:\/\/eogrenme.ebyu.edu.tr\/?page_id=5676"},"modified":"2020-03-27T23:50:00","modified_gmt":"2020-03-27T20:50:00","slug":"sikca-sorulan-sorular-destek-ekibi","status":"publish","type":"page","link":"https:\/\/eogrenme.ebyu.edu.tr\/?page_id=5676","title":{"rendered":"S\u0131k\u00e7a Sorulan Sorular ( Destek Ekibi )"},"content":{"rendered":"<p>[vc_row][vc_column]<div class=\"headings-title \"><div class=\"mb72 mb16 mb-xs-40 text-center\"><h5  class=\"widgettitle mb10\">S\u0131k\u00e7a Sorulan Sorular ( Destek Ekibi )<\/h5><\/div><\/div>[\/vc_column][\/vc_row][vc_row][vc_column][vc_column_text]\u00c7ok Yak\u0131nda Hizmete Al\u0131nacakt\u0131r\u00c7ok Yak\u0131nda Hizmete Al\u0131nacakt\u0131r\u00c7ok Yak\u0131nda Hizmete Al\u0131nacakt\u0131r\u00c7ok Yak\u0131nda Hizmete Al\u0131nacakt\u0131r\u00c7ok Yak\u0131nda Hizmete Al\u0131nacakt\u0131r\u00c7ok Yak\u0131nda Hizmete Al\u0131nacakt\u0131r\u00c7ok Yak\u0131nda Hizmete Al\u0131nacakt\u0131r\u00c7ok Yak\u0131nda Hizmete Al\u0131nacakt\u0131r\u00c7ok Yak\u0131nda Hizmete Al\u0131nacakt\u0131r\u00c7ok Yak\u0131nda Hizmete Al\u0131nacakt\u0131r\u00c7ok Yak\u0131nda Hizmete Al\u0131nacakt\u0131r\u00c7ok Yak\u0131nda Hizmete Al\u0131nacakt\u0131r\u00c7ok Yak\u0131nda Hizmete Al\u0131nacakt\u0131r\u00c7ok Yak\u0131nda Hizmete Al\u0131nacakt\u0131r\u00c7ok Yak\u0131nda Hizmete Al\u0131nacakt\u0131r\u00c7ok Yak\u0131nda Hizmete Al\u0131nacakt\u0131r\u00c7ok Yak\u0131nda Hizmete Al\u0131nacakt\u0131r\u00c7ok Yak\u0131nda Hizmete Al\u0131nacakt\u0131r\u00c7ok Yak\u0131nda Hizmete Al\u0131nacakt\u0131r\u00c7ok Yak\u0131nda Hizmete Al\u0131nacakt\u0131r\u00c7ok Yak\u0131nda Hizmete Al\u0131nacakt\u0131r\u00c7ok Yak\u0131nda Hizmete Al\u0131nacakt\u0131r\u00c7ok Yak\u0131nda Hizmete Al\u0131nacakt\u0131r\u00c7ok Yak\u0131nda Hizmete Al\u0131nacakt\u0131r\u00c7ok Yak\u0131nda Hizmete Al\u0131nacakt\u0131r\u00c7ok Yak\u0131nda Hizmete Al\u0131nacakt\u0131r\u00c7ok Yak\u0131nda Hizmete Al\u0131nacakt\u0131r\u00c7ok Yak\u0131nda Hizmete Al\u0131nacakt\u0131r\u00c7ok Yak\u0131nda Hizmete Al\u0131nacakt\u0131r\u00c7ok Yak\u0131nda Hizmete Al\u0131nacakt\u0131r\u00c7ok Yak\u0131nda Hizmete Al\u0131nacakt\u0131r\u00c7ok Yak\u0131nda Hizmete Al\u0131nacakt\u0131r\u00c7ok Yak\u0131nda Hizmete Al\u0131nacakt\u0131r\u00c7ok Yak\u0131nda Hizmete Al\u0131nacakt\u0131r\u00c7ok Yak\u0131nda Hizmete Al\u0131nacakt\u0131r\u00c7ok Yak\u0131nda Hizmete Al\u0131nacakt\u0131r\u00c7ok Yak\u0131nda Hizmete Al\u0131nacakt\u0131r\u00c7ok Yak\u0131nda Hizmete Al\u0131nacakt\u0131r\u00c7ok Yak\u0131nda Hizmete Al\u0131nacakt\u0131r\u00c7ok Yak\u0131nda Hizmete Al\u0131nacakt\u0131r\u00c7ok Yak\u0131nda Hizmete Al\u0131nacakt\u0131r\u00c7ok Yak\u0131nda Hizmete Al\u0131nacakt\u0131r\u00c7ok Yak\u0131nda Hizmete Al\u0131nacakt\u0131r\u00c7ok Yak\u0131nda Hizmete Al\u0131nacakt\u0131r\u00c7ok Yak\u0131nda Hizmete Al\u0131nacakt\u0131r\u00c7ok Yak\u0131nda Hizmete Al\u0131nacakt\u0131r\u00c7ok Yak\u0131nda Hizmete Al\u0131nacakt\u0131r\u00c7ok Yak\u0131nda Hizmete Al\u0131nacakt\u0131r\u00c7ok Yak\u0131nda Hizmete Al\u0131nacakt\u0131r\u00c7ok Yak\u0131nda Hizmete Al\u0131nacakt\u0131r\u00c7ok Yak\u0131nda Hizmete Al\u0131nacakt\u0131r\u00c7ok Yak\u0131nda Hizmete Al\u0131nacakt\u0131r\u00c7ok Yak\u0131nda Hizmete Al\u0131nacakt\u0131r\u00c7ok Yak\u0131nda Hizmete Al\u0131nacakt\u0131r\u00c7ok Yak\u0131nda Hizmete Al\u0131nacakt\u0131r\u00c7ok Yak\u0131nda Hizmete Al\u0131nacakt\u0131r\u00c7ok Yak\u0131nda Hizmete Al\u0131nacakt\u0131r\u00c7ok Yak\u0131nda Hizmete Al\u0131nacakt\u0131r\u00c7ok Yak\u0131nda Hizmete Al\u0131nacakt\u0131r\u00c7ok Yak\u0131nda Hizmete Al\u0131nacakt\u0131r\u00c7ok Yak\u0131nda Hizmete Al\u0131nacakt\u0131r\u00c7ok Yak\u0131nda Hizmete Al\u0131nacakt\u0131r\u00c7ok Yak\u0131nda Hizmete Al\u0131nacakt\u0131r\u00c7ok Yak\u0131nda Hizmete Al\u0131nacakt\u0131r\u00c7ok Yak\u0131nda Hizmete Al\u0131nacakt\u0131r\u00c7ok Yak\u0131nda Hizmete Al\u0131nacakt\u0131r[\/vc_column_text][\/vc_column][\/vc_row]<\/p>\n","protected":false},"excerpt":{"rendered":"<p>[vc_row][vc_column][\/vc_column][\/vc_row][vc_row][vc_column][vc_column_text]\u00c7ok Yak\u0131nda Hizmete Al\u0131nacakt\u0131r\u00c7ok Yak\u0131nda Hizmete Al\u0131nacakt\u0131r\u00c7ok Yak\u0131nda Hizmete Al\u0131nacakt\u0131r\u00c7ok Yak\u0131nda Hizmete Al\u0131nacakt\u0131r\u00c7ok Yak\u0131nda Hizmete Al\u0131nacakt\u0131r\u00c7ok&#8230;<\/p>\n","protected":false},"author":25,"featured_media":0,"parent":0,"menu_order":0,"comment_status":"closed","ping_status":"closed","template":"","meta":{"footnotes":""},"class_list":["post-5676","page","type-page","status-publish","hentry"],"_links":{"self":[{"href":"https:\/\/eogrenme.ebyu.edu.tr\/index.php?rest_route=\/wp\/v2\/pages\/5676","targetHints":{"allow":["GET"]}}],"collection":[{"href":"https:\/\/eogrenme.ebyu.edu.tr\/index.php?rest_route=\/wp\/v2\/pages"}],"about":[{"href":"https:\/\/eogrenme.ebyu.edu.tr\/index.php?rest_route=\/wp\/v2\/types\/page"}],"author":[{"embeddable":true,"href":"https:\/\/eogrenme.ebyu.edu.tr\/index.php?rest_route=\/wp\/v2\/users\/25"}],"replies":[{"embeddable":true,"href":"https:\/\/eogrenme.ebyu.edu.tr\/index.php?rest_route=%2Fwp%2Fv2%2Fcomments&post=5676"}],"version-history":[{"count":6,"href":"https:\/\/eogrenme.ebyu.edu.tr\/index.php?rest_route=\/wp\/v2\/pages\/5676\/revisions"}],"predecessor-version":[{"id":5693,"href":"https:\/\/eogrenme.ebyu.edu.tr\/index.php?rest_route=\/wp\/v2\/pages\/5676\/revisions\/5693"}],"wp:attachment":[{"href":"https:\/\/eogrenme.ebyu.edu.tr\/index.php?rest_route=%2Fwp%2Fv2%2Fmedia&parent=5676"}],"curies":[{"name":"wp","href":"https:\/\/api.w.org\/{rel}","templated":true}]}}